{"id":46,"date":"2024-06-22T19:28:15","date_gmt":"2024-06-22T19:28:15","guid":{"rendered":"https:\/\/biotechcell.com.pe\/?page_id=46"},"modified":"2026-04-02T16:56:21","modified_gmt":"2026-04-02T16:56:21","slug":"publicaciones","status":"publish","type":"page","link":"https:\/\/biotechcell.com.pe\/en\/publicaciones\/","title":{"rendered":"Publications"},"content":{"rendered":"<ul class=\"wp-block-list\">\n<li>Hern\u00e1ndez-Pati\u00f1o, I., Magui\u00f1a Vizcarra, J., Espinoza-Rojas, R., Vela-Ruiz, J. M., Lav\u00e1n-Quiroz, D., y Luna-Mu\u00f1oz, C. (2025). Construction and validation of a scale (ROMA-HB) to assess motivation for meaningful learning in scientific research: Construcci\u00f3n y validaci\u00f3n de una escala (ROMA-HB) para evaluar la motivaci\u00f3n por el aprendizaje significativo en investigaci\u00f3n cient\u00edfica. Revista de La Facultad de Medicina Humana, 25(4), 66-75. https:\/\/doi.org\/10.25176\/rfmh.v25i4.8141.<a href=\"https:\/\/revistas.urp.edu.pe\/index.php\/RFMH\/article\/view\/8141\" data-id=\"23\">Link<\/a><\/li>\n<\/ul>\n\n\n\n<ul class=\"wp-block-list\">\n<li>Lav\u00e1n, D., Arg\u00fcelles, N., Lluncor, A., Huaman, D., Moyano, J., Ubillus, J., Pe\u00f1a, M., Paredes, M., Hern\u00e1ndez, I., Guerra, A., De La Cruz-Vargas, J., &amp; Cruz, V. (2025). Review of the evidence on the influence of Wi-Fi 2.4\u202fGHz radiation on oxidative stress and its possible relationship with Alzheimer&#8217;s disease. Frontiers in neurology, 16, 1616435. https:\/\/doi.org\/10.3389\/fneur.2025.1616435.<a href=\"https:\/\/www.frontiersin.org\/journals\/neurology\/articles\/10.3389\/fneur.2025.1616435\/full\" data-id=\"23\">Link<\/a><\/li>\n<\/ul>\n\n\n\n<ul class=\"wp-block-list\">\n<li style=\"font-style:normal;font-weight:400\">Julio Valdivia-Silva, Luz P\u00e9rez-Tulich, Alejandro Iza-Zurita, Giulianna Travi Antonio, Adolfo Ubidia, David Lav\u00e1n. Drosophila melanogaster: A Promising System for Space Biology Research. International Journal of Astrobiology. Review Article. 12-May-2024.<a href=\"https:\/\/www.cambridge.org\/core\/journals\/international-journal-of-astrobiology\/article\/drosophila-melanogaster-a-promising-system-for-space-biology-research\/3AA8FF26DFE2978EE8359D4613A6F7EA\" data-type=\"page\" data-id=\"23\">Link<\/a><\/li>\n<\/ul>\n\n\n\n<ul class=\"wp-block-list\">\n<li style=\"font-style:normal;font-weight:400\">Lav\u00e1n, D. A., Espinoza, R., Cotrina, J. C., Orihuela, D., Sanabria, G., De la Cruz-Vargas, J., Hern\u00e1ndez, I., Lavan-Quiroz, R., Marco, R., &amp; Moyano Mu\u00f1oz, J. J. A. (2023). Possible critical mass (Kd) value limiting expression of Drosophila melanogaster pupae under microgravity conditions. Journal of Applied Bioinformatics &amp; Computational Biology. https:\/\/doi.org\/10.4172\/2471-4372.1000233.<a href=\"https:\/\/biotechcell.com.pe\/wp-content\/uploads\/2026\/01\/JABCB-Vol-12-Iss-4-JABCB-23-115466-AC.pdf\" data-type=\"page\" data-id=\"23\">Link<\/a><\/li>\n<\/ul>\n\n\n\n<ul class=\"wp-block-list\">\n<li>Cehua Alvarez, E. A., Vir\u00fa-Flores, H., Alburqueque-Melgarejo, J., Roque-Quezada, J. C., Guerra Valencia, J., Gonzales Matta, G. A., Gonzales Men\u00e9ndez, M. J. M., y Lav\u00e1n Quiroz, D. A. . (2022). Validation of the Patient Health Questionnaire-9 (PHQ-9) in human medicine interns at a reference university in Peru during the COVID-19 pandemic: Validaci\u00f3n del cuestionario sobre la salud del paciente\u20139 (PHQ-9) en internos de medicina humana de una universidad de referencia del Per\u00fa durante la pandemia COVID-19. Revista de La Facultad de Medicina Humana, 22(3). https:\/\/doi.org\/10.25176\/rfmh.v22i3.3179.<a href=\"https:\/\/revistas.urp.edu.pe\/index.php\/RFMH\/article\/view\/3179\" data-id=\"23\">Link<\/a><\/li>\n<\/ul>\n\n\n\n<ul class=\"wp-block-list\">\n<li style=\"font-style:normal;font-weight:400\">del Carpio, C., Garcia, M., El\u00edas, J., Lav\u00e1n, D., &amp; Kemper, G. (2020, December). An Algorithm Oriented at Obtaining the Molecular Weight and Concentration of DNA Samples in Agarose Gel Images. In Proceedings of the 5th Brazilian Technology Symposium: Emerging Trends, Issues, and Challenges in the Brazilian Technology, Volume 2 (pp. 61-72). Cham: Springer International Publishing.<a href=\"https:\/\/link.springer.com\/chapter\/10.1007\/978-3-030-57566-3_6\">Link<\/a><\/li>\n<\/ul>\n\n\n\n<ul class=\"wp-block-list\">\n<li style=\"font-style:normal;font-weight:400\">Jhony A. De La Cruz-Vargas, David Lavan-Quiroz. Microgravedad y c\u00e1ncer. [Editorial].  Rev. Fac. Med. Hum. 2017;17(4):7-11. DOI 10.25176\/RFMH.v17.n4.1203 <a href=\"https:\/\/revistas.urp.edu.pe\/index.php\/RFMH\/article\/view\/1203\/6130\">Link<\/a><\/li>\n<\/ul>\n\n\n\n<ul class=\"wp-block-list\">\n<li style=\"font-style:normal;font-weight:400\">Lavan Quiroz, D. A. (2012). Gene expression analysis in Drosophila melanogaster pupae exposed to microgravity [Unpublished doctoral dissertation]. Autonomous University of Madrid, Faculty of Medicine, Department of Biochemistry. <a href=\"https:\/\/repositorio.uam.es\/handle\/10486\/9321\">Link<\/a><\/li>\n<\/ul>\n\n\n\n<ul class=\"wp-block-list\">\n<li style=\"font-style:normal;font-weight:400\">Herranz, R., Benguria, A., Lav\u00e1n, D. A., L\u00f3pez\u2010Vidriero, I. R. E. N. E., Gasset, G., Javier Medina, F., &#8230; &amp; Marco, R. (2010). Spaceflight\u2010related suboptimal conditions can accentuate the altered gravity response of Drosophila transcriptome. Molecular ecology, 19(19), 4255-4264.<a href=\"https:\/\/onlinelibrary.wiley.com\/doi\/abs\/10.1111\/j.1365-294X.2010.04795.x\" data-type=\"page\" data-id=\"23\">Link<\/a><\/li>\n<\/ul>\n\n\n\n<ul class=\"wp-block-list\">\n<li style=\"font-style:normal;font-weight:400\">Herranz, R., Lav\u00e1n, D. A., Javier Medina, F., van Loon, J. J., &amp; Marco, R. (2009). Drosophila GENE experiment in the Spanish Soyuz mission to the ISS: II. effects of the containment constraints. Microgravity Science and Technology, 21, 299-304.<a href=\"https:\/\/link.springer.com\/article\/10.1007\/s12217-008-9097-1\" data-type=\"page\" data-id=\"23\">Link<\/a><\/li>\n<\/ul>\n\n\n\n<ul class=\"wp-block-list\">\n<li style=\"font-style:normal;font-weight:400\">Herranz, R., Lav\u00e1n, D. A., Dijkstra, C. E., Larkin, O. J., Davey, M. R., Medina, F. J., &#8230; &amp; Schiller, P. (2008). Drosophila Behaviour &amp; Gene expression in altered gravity conditions: Comparison between Space and ground facilities.<a href=\"https:\/\/ui.adsabs.harvard.edu\/abs\/2008ESASP.663E.131H\/abstract\" data-id=\"23\">Link<\/a><\/li>\n<\/ul>\n\n\n\n<ul class=\"wp-block-list\">\n<li style=\"font-style:normal;font-weight:400\">Herranz, R., Lav\u00e1n, D. A., Benguria, A., Duque, P., Leandro, L. J., Gasset, G., &#8230; &amp; Marco, R. (2007). The \u201cGene\u201d Experiment in the Spanish Soyuz Mission to the ISS. Effects of the cold transportation step. Microgravity science and technology, 19, 196-200.<a href=\"https:\/\/link.springer.com\/article\/10.1007\/BF02919481\" data-id=\"23\">Link<\/a><\/li>\n<\/ul>\n\n\n\n<ul class=\"wp-block-list\">\n<li style=\"font-style:normal;font-weight:400\">Marco, R., Lav\u00e1n, D. A., Van Loon, J. J., Leandro, L. J., Larkin, O. J., Dijkstra, C., &#8230; &amp; Medina, F. J. (2007). Drosophila melanogaster, a model system for comparative studies on the responses to real and simulated microgravity. Journal of Gravitational Physiology: a Journal of the International Society for Gravitational Physiology, 14(1), P125-6.<a href=\"https:\/\/pubmed.ncbi.nlm.nih.gov\/18372731\/\" data-id=\"23\">Link<\/a><\/li>\n<\/ul>\n\n\n\n<ul class=\"wp-block-list\">\n<li style=\"font-style:normal;font-weight:400\">Leandro, L. J., Szewczyk, N. J., Benguria, A., Herranz, R., Lav\u00e1n, D., Medina, F. J., &#8230; &amp; Marco, R. (2007). Comparative analysis of Drosophila melanogaster and Caenorhabditis elegans gene expression experiments in the European Soyuz flights to the International Space Station. Advances in Space Research, 40(4), 506-512.<a href=\"https:\/\/www.sciencedirect.com\/science\/article\/abs\/pii\/S0273117707005820\" data-id=\"23\">Link<\/a><\/li>\n<\/ul>\n\n\n\n<ul class=\"wp-block-list\">\n<li>Rizsanyi, E. K., Quir\u00f3z, D. L., Huamaccto, C. L., &amp; Marroqu\u00edn, E. G. (2001, October). Experimental treatment of neoplasic diseases and tumors with iono magnetic therapy. In Medical Physics: Fifth Mexican Symposium (Vol. 593, pp. 151-155).<a href=\"https:\/\/pubs.aip.org\/aip\/acp\/article-abstract\/593\/1\/151\/574180\/Experimental-treatment-of-neoplasic-diseases-and?redirectedFrom=fulltext\" data-id=\"23\">Link<\/a><\/li>\n<\/ul>","protected":false},"excerpt":{"rendered":"","protected":false},"author":2,"featured_media":0,"parent":0,"menu_order":0,"comment_status":"closed","ping_status":"closed","template":"","meta":{"footnotes":""},"class_list":["post-46","page","type-page","status-publish","hentry","post"],"_links":{"self":[{"href":"https:\/\/biotechcell.com.pe\/en\/wp-json\/wp\/v2\/pages\/46","targetHints":{"allow":["GET"]}}],"collection":[{"href":"https:\/\/biotechcell.com.pe\/en\/wp-json\/wp\/v2\/pages"}],"about":[{"href":"https:\/\/biotechcell.com.pe\/en\/wp-json\/wp\/v2\/types\/page"}],"author":[{"embeddable":true,"href":"https:\/\/biotechcell.com.pe\/en\/wp-json\/wp\/v2\/users\/2"}],"replies":[{"embeddable":true,"href":"https:\/\/biotechcell.com.pe\/en\/wp-json\/wp\/v2\/comments?post=46"}],"version-history":[{"count":55,"href":"https:\/\/biotechcell.com.pe\/en\/wp-json\/wp\/v2\/pages\/46\/revisions"}],"predecessor-version":[{"id":2247,"href":"https:\/\/biotechcell.com.pe\/en\/wp-json\/wp\/v2\/pages\/46\/revisions\/2247"}],"wp:attachment":[{"href":"https:\/\/biotechcell.com.pe\/en\/wp-json\/wp\/v2\/media?parent=46"}],"curies":[{"name":"wp","href":"https:\/\/api.w.org\/{rel}","templated":true}]}}